{"id":1015,"date":"2021-12-30T13:31:01","date_gmt":"2021-12-30T13:31:01","guid":{"rendered":"https:\/\/www.ifs.cat\/aviso-legal\/"},"modified":"2021-12-30T13:31:02","modified_gmt":"2021-12-30T13:31:02","slug":"aviso-legal","status":"publish","type":"page","link":"https:\/\/www.ifs.cat\/es\/aviso-legal\/","title":{"rendered":"Aviso legal"},"content":{"rendered":"\t\t<div data-elementor-type=\"wp-page\" data-elementor-id=\"1015\" class=\"elementor elementor-1015 elementor-163\" data-elementor-settings=\"[]\">\n\t\t\t\t\t\t\t<div class=\"elementor-section-wrap\">\n\t\t\t\t\t\t\t<section class=\"elementor-section elementor-top-section elementor-element elementor-element-db31773 elementor-section-boxed elementor-section-height-default elementor-section-height-default parallax_section_no qode_elementor_container_no\" data-id=\"db31773\" data-element_type=\"section\" data-settings=\"{&quot;background_background&quot;:&quot;classic&quot;}\">\n\t\t\t\t\t\t<div class=\"elementor-container elementor-column-gap-default\">\n\t\t\t\t\t<div class=\"elementor-column elementor-col-100 elementor-top-column elementor-element elementor-element-6b2f31a\" data-id=\"6b2f31a\" data-element_type=\"column\">\n\t\t\t<div class=\"elementor-widget-wrap elementor-element-populated\">\n\t\t\t\t\t\t\t\t<div class=\"elementor-element elementor-element-9a581c5 elementor-position-left elementor-vertical-align-middle elementor-widget elementor-widget-image-box\" data-id=\"9a581c5\" data-element_type=\"widget\" data-widget_type=\"image-box.default\">\n\t\t\t\t<div class=\"elementor-widget-container\">\n\t\t\t<style>\/*! elementor - v3.5.3 - 28-12-2021 *\/\n.elementor-widget-image-box .elementor-image-box-content{width:100%}@media (min-width:768px){.elementor-widget-image-box.elementor-position-left .elementor-image-box-wrapper,.elementor-widget-image-box.elementor-position-right .elementor-image-box-wrapper{display:-webkit-box;display:-ms-flexbox;display:flex}.elementor-widget-image-box.elementor-position-right .elementor-image-box-wrapper{text-align:right;-webkit-box-orient:horizontal;-webkit-box-direction:reverse;-ms-flex-direction:row-reverse;flex-direction:row-reverse}.elementor-widget-image-box.elementor-position-left .elementor-image-box-wrapper{text-align:left;-webkit-box-orient:horizontal;-webkit-box-direction:normal;-ms-flex-direction:row;flex-direction:row}.elementor-widget-image-box.elementor-position-top .elementor-image-box-img{margin:auto}.elementor-widget-image-box.elementor-vertical-align-top .elementor-image-box-wrapper{-webkit-box-align:start;-ms-flex-align:start;align-items:flex-start}.elementor-widget-image-box.elementor-vertical-align-middle .elementor-image-box-wrapper{-webkit-box-align:center;-ms-flex-align:center;align-items:center}.elementor-widget-image-box.elementor-vertical-align-bottom .elementor-image-box-wrapper{-webkit-box-align:end;-ms-flex-align:end;align-items:flex-end}}@media (max-width:767px){.elementor-widget-image-box .elementor-image-box-img{margin-left:auto!important;margin-right:auto!important;margin-bottom:15px}}.elementor-widget-image-box .elementor-image-box-img{display:inline-block}.elementor-widget-image-box .elementor-image-box-title a{color:inherit}.elementor-widget-image-box .elementor-image-box-wrapper{text-align:center}.elementor-widget-image-box .elementor-image-box-description{margin:0}<\/style><div class=\"elementor-image-box-wrapper\"><div class=\"elementor-image-box-content\"><h1 class=\"elementor-image-box-title\">Aviso  legal<\/h1><\/div><\/div>\t\t<\/div>\n\t\t\t\t<\/div>\n\t\t\t\t\t<\/div>\n\t\t<\/div>\n\t\t\t\t\t\t\t<\/div>\n\t\t<\/section>\n\t\t\t\t<section class=\"elementor-section elementor-top-section elementor-element elementor-element-2958bf8 elementor-section-boxed elementor-section-height-default elementor-section-height-default parallax_section_no qode_elementor_container_no\" data-id=\"2958bf8\" data-element_type=\"section\">\n\t\t\t\t\t\t<div class=\"elementor-container elementor-column-gap-default\">\n\t\t\t\t\t<div class=\"elementor-column elementor-col-100 elementor-top-column elementor-element elementor-element-379e8f\" data-id=\"379e8f\" data-element_type=\"column\">\n\t\t\t<div class=\"elementor-widget-wrap elementor-element-populated\">\n\t\t\t\t\t\t\t\t<div class=\"elementor-element elementor-element-22e33533 legal elementor-widget elementor-widget-text-editor\" data-id=\"22e33533\" data-element_type=\"widget\" data-widget_type=\"text-editor.default\">\n\t\t\t\t<div class=\"elementor-widget-container\">\n\t\t\t<style>\/*! elementor - v3.5.3 - 28-12-2021 *\/\n.elementor-widget-text-editor.elementor-drop-cap-view-stacked .elementor-drop-cap{background-color:#818a91;color:#fff}.elementor-widget-text-editor.elementor-drop-cap-view-framed .elementor-drop-cap{color:#818a91;border:3px solid;background-color:transparent}.elementor-widget-text-editor:not(.elementor-drop-cap-view-default) .elementor-drop-cap{margin-top:8px}.elementor-widget-text-editor:not(.elementor-drop-cap-view-default) .elementor-drop-cap-letter{width:1em;height:1em}.elementor-widget-text-editor .elementor-drop-cap{float:left;text-align:center;line-height:1;font-size:50px}.elementor-widget-text-editor .elementor-drop-cap-letter{display:inline-block}<\/style>\t\t\t\t<h2><strong>LEY DE LOS SERVICIOS DE LA SOCIEDAD DE LA INFORMACI\u00d3N (LSSI)<\/strong><\/h2>\n<p>VICENTE FONT SASTRE, S.L.P., responsable del sitio web, de ahora adelante RESPONSABLE, pongo a disposici\u00f3n de los usuarios lo presento documento, cono lo cual pretende dar cumplimiento a las obligaciones dispuestas la Ley 34\/2002, de 11 de julio, de servicios de la Sociedad de la Informaci\u00f3n y de Comercio Electr\u00f3nico (LSSICE), BOE N.\u00ba 166, as\u00ed como informar a todos los usuarios del sitio web respeto a cu\u00e1les sue\u00f1o las condicionas de uso.<\/p>\n<p>Toda persona que acceda a este sitio web asume lo papel de usuario, comprometi\u00e9ndose a la observancia y cumplimiento riguroso de las disposiciones aqu\u00ed dispuestas, as\u00ed como a cualquier otra disposici\u00f3n legal que fuera de aplicaci\u00f3n.<\/p>\n<p>VICENTE FONT SASTRE, S.L.P. se reserva lo derecho de modificar cualquier tipo de informaci\u00f3n que pudiera aparecer al sitio web, sin que haya obligaci\u00f3n de preavisar o poner conocimiento de los usuarios estas obligaciones, entendi\u00e9ndose c\u00f3mo suficiente cono la publicaci\u00f3n al sitio web de VICENTE FONT SASTRE, S.L.P..<\/p>\n<h3><strong>1. DATOS IDENTIFICATIVOS<\/strong><\/h3>\n<p>N\u00famero de dominio: ifs.cat<\/p>\n<p>N\u00famero comercial: IFS CENTRO M\u00c9DICO<\/p>\n<p>Denominaci\u00f3n social: VICENTE FONT SASTRE, S.L.P.<\/p>\n<p>NIF: B65235087<\/p>\n<p>Domicilio social: C\/ San Benedicto, 8 08302 Matar\u00f3 (Barcelona)<\/p>\n<p>Tel\u00e9fono: 937414900<\/p>\n<p>correo electr\u00f3nico: carles.sole@ifs.cat<\/p>\n<p>Inscrita en lo Registro (Mercantil \/ P\u00fablico): Barcelona, tomo 42015, folio 12, hoja B-399177, inscripci\u00f3n 1<\/p>\n<h3><strong>2. DERECHOS DE PROPIEDAD INTELECTUAL E INDUSTRIAL<\/strong><\/h3>\n<p>Lo sitio web, incluyendo a t\u00edtulo enunciativo pero no limitativo su programaci\u00f3n, edici\u00f3n, compilaci\u00f3n y otros elementos necesarios para su funcionamiento, los dise\u00f1os,\u00a0 logotipos, texto y \/ o gr\u00e1ficos, sue\u00f1o propiedad del RESPONSABLE o, si se lo caso, dispone de licencia o autorizaci\u00f3n expr\u00e9s miedo parte de los autoras. Todos los contenidos del sitio web se encuentran debidamente protegidos miedo la normativa de propiedad intelectual e industrial, as\u00ed como inscritos los registros p\u00fablicos correspondientes.<\/p>\n<p>Independientemente de la finalidad para la cual fueran destinados, la reproducci\u00f3n total o parcial, uso, explotaci\u00f3n, distribuci\u00f3n y comercializaci\u00f3n, requiere todo caso de la autorizaci\u00f3n escrita previa miedo parte del RESPONSABLE. Cualquier uso no autorizado previamente se considera un incumplimiento grabo de los derechos de propiedad intelectual o industrial del autor.<\/p>\n<p>Los dise\u00f1os, logotipos, texto y \/ o gr\u00e1ficos ajenos al RESPONSABLE y que pudieran aparecer lo sitio web, pertenecen a sus respectivos propietarios, siente ellos mismos responsables de cualquier posible controversia que pudiera suscitar respeto a los mismos. El RESPONSABLE autoriza expresamente a que terceros puedan redirigir directamente a los contenidos concretos del sitio web, y todo caso redirigir al sitio web principal de ifs.cat.<\/p>\n<p>El RESPONSABLE reconoce a favor de sus titulaste los correspondientes derechos de propiedad intelectual e industrial, no implicando su sola menci\u00f3n o aparici\u00f3n en lo sitio web la existencia de derechos o responsabilidad alguna sobre los mismos, como tampoco respaldo, patrocinio o recomendaci\u00f3n miedo parte del mismo.<\/p>\n<p>Para realizar cualquier tipo de observaci\u00f3n respeto a posibles incumplimientos de los derechos de propiedad intelectual o industrial, as\u00ed como sobre cualquier de los contenidos del sitio web, puede hacerlo a trav\u00e9s del correo electr\u00f3nico carles.sole@ifs.cat.<\/p>\n<h3><strong>3. EXENCI\u00d3N DE RESPONSABILIDADES<\/strong><\/h3>\n<p>El RESPONSABLE se exime de cualquier tipo de responsabilidad derivada de la informaci\u00f3n publicada a su sitio web siempre que esta informaci\u00f3n haya sido manipulada o introducida miedo un tercero ajeno en este.<\/p>\n<h4><strong>Uso de Cookies<\/strong><\/h4>\n<p>Este sitio web de boto utilizar cookies t\u00e9cnicas (peque\u00f1os archivos de informaci\u00f3n que el servidor env\u00eda al ordenador de quien accede la p\u00e1gina) para quitar a cabo determinadas funcionas que sue\u00f1o consideradas imprescindibles para lo correcto funcionamiento y visualizaci\u00f3n del lugar. Las cookies utilizadas tienen, todo caso, car\u00e1cter temporal, cono la \u00fanica finalidad de hacer m\u00e1s eficaz la navegaci\u00f3n, y desaparecen al acabar la sesi\u00f3n del usuario. ning\u00fan caso, estas cookies proporcionan miedo s\u00ed mismos datos de car\u00e1cter personal y no se utilizar\u00e1n para la recogida de las mismas.<\/p>\n<p>Mediante lo uso de cookies tambi\u00e9n se posible que el servidor donde se encuentra la web reconozca el navegador utilizado miedo lo usuario cono lo fin de que la navegaci\u00f3n sea m\u00e1s sencilla, permitiendo, miedo ejemplo, lo acceso de los usuarios que se hayan registrado previamente a las \u00e1reas, servicios, promocionas o concursos reservados exclusivamente a ellos sin tener que registrar en cada visita. Tambi\u00e9n se pueden utilizar para mesurar la audiencia, par\u00e1metros de tr\u00e1fico, controlar lo progreso y n\u00famero de entradas, etc, siente en estos casos cookies prescindibles t\u00e9cnicamente pero beneficiosas para lo usuario. Este sitio web no se instalar\u00e1 cookies prescindibles sin lo<br \/>\nconsentimiento previo del usuario.<\/p>\n<p>Lo usuario tiene la posibilidad de configurar su navegador para ser alertado de la recepci\u00f3n de cookies y para impedir su instalaci\u00f3n a su equipo. Miedo favor, consulto las instrucciones de su navegador para ampliar esta informaci\u00f3n.<\/p>\n<h4><strong>Pol\u00edtica de enlaces<\/strong><\/h4>\n<p>Desde lo sitio web, se posible que se redirija a contenidos de terceros sitios web. Dado que el RESPONSABLE no puede controlar siempre los contenidos introducidos miedo los terceros sus respectivos sitios web, no asume ning\u00fan tipo de responsabilidad respeto a estos contenidos. todo caso, proceder\u00e1 a la retirada inmediata de cualquier contenido que pudiera contravenir la legislaci\u00f3n nacional o internacional, la moral o lo orden p\u00fablico, procediendo a la retirada inmediata de la redirecci\u00f3n a dicho sitio web, poniendo conocimiento de las autoridades competentes lo contenido cuesti\u00f3n.<\/p>\n<p>El RESPONSABLE no se hace responsable de la informaci\u00f3n y contenidos almacenados, a t\u00edtulo enunciativo pero no limitativo, foros, chats, generadoras de blogs, comentarios, redes sociales o cualquier otro medio que permita a terceros publicar contenidos de forma independiente en la p\u00e1gina web del RESPONSABLE. Sin embargo, y cumplimiento del que disponen los art\u00edculos 11 y 16 de la LSSICE, se pone a disposici\u00f3n de todos los usuarios, autoridades y fuerzas de seguridad, colaborando de forma activa en la retirada o, si procede, bloqueo de todos aquellos contenidos que puedan afectar o contravenir la legislaci\u00f3n nacional o internacional, los derechos de terceros o la moral y lo orden p\u00fablico. caso de que lo usuario considero que existe en lo sitio web alg\u00fan contenido que pudiera ser susceptible de esta clasificaci\u00f3n, se ruega lo haga saber de forma inmediata al administrador del sitio web.<\/p>\n<p>Este sitio web ha sido revisado y probado porque funciono correctamente. principio, puede garantizarse lo correcto funcionamiento los 365 d\u00edas del a\u00f1o, 24 horas lo d\u00eda. Sin embargo, el RESPONSABLE no descarta la posibilidad que existan ciertos errores de programaci\u00f3n, o que acontezcan causas de fuerza mayor, cat\u00e1strofes naturales, vagos o circunstancias parecidas que hagan imposible lo acceso a la p\u00e1gina web.<\/p>\n<h4><strong>Direcciones IP<\/strong><\/h4>\n<p>Los servidoras del sitio web podr\u00e1n detectar de manera autom\u00e1tica la direcci\u00f3n IP y el n\u00famero de dominio utilizados miedo lo usuario. Una direcci\u00f3n IP se un n\u00famero asignado autom\u00e1ticamente a un ordenador cuando este se conecta en Internet. Toda esta informaci\u00f3n se registrada en un fichero de actividad del servidor debidamente inscrito que permite el posterior procesamiento de los datos cono lo fin de obtener medidas \u00fanicamente estad\u00edsticas que permitan conocer el n\u00famero de impresiones de p\u00e1ginas, el n\u00famero de visitas realizadas a los servidoras web, la orden de visitas, lo punto de acceso, etc.<\/p>\n<h2><strong>4. LEY APLICABLE Y JURISDICCI\u00d3N<\/strong><\/h2>\n<p>La ley aplicable caso de disputa o conflicto de interpretaci\u00f3n de los t\u00e9rminos que conforman los textos legales, as\u00ed como cualquier cuesti\u00f3n relacionada cono los servicios de la presento web, ser\u00e1 la ley espa\u00f1ola.<\/p>\n<p>\u00daltima actualizaci\u00f3n: 14\/10\/2020<\/p>\n<p><\/p>\n\t\t\t\t\t\t<\/div>\n\t\t\t\t<\/div>\n\t\t\t\t\t<\/div>\n\t\t<\/div>\n\t\t\t\t\t\t\t<\/div>\n\t\t<\/section>\n\t\t\t\t\t\t<\/div>\n\t\t\t\t\t<\/div>\n\t\t","protected":false},"excerpt":{"rendered":"<p>Aviso legal LEY DE LOS SERVICIOS DE LA SOCIEDAD DE LA INFORMACI\u00d3N (LSSI) VICENTE FONT SASTRE, S.L.P., responsable del sitio web, de ahora adelante RESPONSABLE, pongo a disposici\u00f3n de los usuarios lo presento documento, cono lo cual pretende dar cumplimiento a las obligaciones dispuestas la&#8230;<\/p>\n","protected":false},"author":1,"featured_media":0,"parent":0,"menu_order":0,"comment_status":"closed","ping_status":"closed","template":"elementor_header_footer","meta":[],"_links":{"self":[{"href":"https:\/\/www.ifs.cat\/es\/wp-json\/wp\/v2\/pages\/1015"}],"collection":[{"href":"https:\/\/www.ifs.cat\/es\/wp-json\/wp\/v2\/pages"}],"about":[{"href":"https:\/\/www.ifs.cat\/es\/wp-json\/wp\/v2\/types\/page"}],"author":[{"embeddable":true,"href":"https:\/\/www.ifs.cat\/es\/wp-json\/wp\/v2\/users\/1"}],"replies":[{"embeddable":true,"href":"https:\/\/www.ifs.cat\/es\/wp-json\/wp\/v2\/comments?post=1015"}],"version-history":[{"count":1,"href":"https:\/\/www.ifs.cat\/es\/wp-json\/wp\/v2\/pages\/1015\/revisions"}],"predecessor-version":[{"id":1016,"href":"https:\/\/www.ifs.cat\/es\/wp-json\/wp\/v2\/pages\/1015\/revisions\/1016"}],"wp:attachment":[{"href":"https:\/\/www.ifs.cat\/es\/wp-json\/wp\/v2\/media?parent=1015"}],"curies":[{"name":"wp","href":"https:\/\/api.w.org\/{rel}","templated":true}]}}