{"id":1061,"date":"2022-01-03T07:59:51","date_gmt":"2022-01-03T07:59:51","guid":{"rendered":"https:\/\/www.ifs.cat\/especialidades\/ginecologia\/una-nina-tiene-que-ir-al-ginecologo\/"},"modified":"2022-01-12T08:20:45","modified_gmt":"2022-01-12T08:20:45","slug":"una-nina-tiene-que-ir-al-ginecologo","status":"publish","type":"page","link":"https:\/\/www.ifs.cat\/es\/especialidades\/ginecologia\/una-nina-tiene-que-ir-al-ginecologo\/","title":{"rendered":"\u00bfUna ni\u00f1a tiene que ir al ginec\u00f3logo?"},"content":{"rendered":"\t\t<div data-elementor-type=\"wp-page\" data-elementor-id=\"1061\" class=\"elementor elementor-1061 elementor-441\" data-elementor-settings=\"[]\">\n\t\t\t\t\t\t\t<div class=\"elementor-section-wrap\">\n\t\t\t\t\t\t\t<section class=\"elementor-section elementor-top-section elementor-element elementor-element-160a229 elementor-section-boxed elementor-section-height-default elementor-section-height-default parallax_section_no qode_elementor_container_no\" data-id=\"160a229\" data-element_type=\"section\" data-settings=\"{&quot;background_background&quot;:&quot;classic&quot;}\">\n\t\t\t\t\t\t<div class=\"elementor-container elementor-column-gap-default\">\n\t\t\t\t\t<div class=\"elementor-column elementor-col-100 elementor-top-column elementor-element elementor-element-c72cfd4\" data-id=\"c72cfd4\" data-element_type=\"column\">\n\t\t\t<div class=\"elementor-widget-wrap elementor-element-populated\">\n\t\t\t\t\t\t\t\t<div class=\"elementor-element elementor-element-0b23cdb elementor-position-left elementor-vertical-align-middle xs-no-image elementor-widget elementor-widget-image-box\" data-id=\"0b23cdb\" data-element_type=\"widget\" data-widget_type=\"image-box.default\">\n\t\t\t\t<div class=\"elementor-widget-container\">\n\t\t\t<style>\/*! elementor - v3.5.3 - 28-12-2021 *\/\n.elementor-widget-image-box .elementor-image-box-content{width:100%}@media (min-width:768px){.elementor-widget-image-box.elementor-position-left .elementor-image-box-wrapper,.elementor-widget-image-box.elementor-position-right .elementor-image-box-wrapper{display:-webkit-box;display:-ms-flexbox;display:flex}.elementor-widget-image-box.elementor-position-right .elementor-image-box-wrapper{text-align:right;-webkit-box-orient:horizontal;-webkit-box-direction:reverse;-ms-flex-direction:row-reverse;flex-direction:row-reverse}.elementor-widget-image-box.elementor-position-left .elementor-image-box-wrapper{text-align:left;-webkit-box-orient:horizontal;-webkit-box-direction:normal;-ms-flex-direction:row;flex-direction:row}.elementor-widget-image-box.elementor-position-top .elementor-image-box-img{margin:auto}.elementor-widget-image-box.elementor-vertical-align-top .elementor-image-box-wrapper{-webkit-box-align:start;-ms-flex-align:start;align-items:flex-start}.elementor-widget-image-box.elementor-vertical-align-middle .elementor-image-box-wrapper{-webkit-box-align:center;-ms-flex-align:center;align-items:center}.elementor-widget-image-box.elementor-vertical-align-bottom .elementor-image-box-wrapper{-webkit-box-align:end;-ms-flex-align:end;align-items:flex-end}}@media (max-width:767px){.elementor-widget-image-box .elementor-image-box-img{margin-left:auto!important;margin-right:auto!important;margin-bottom:15px}}.elementor-widget-image-box .elementor-image-box-img{display:inline-block}.elementor-widget-image-box .elementor-image-box-title a{color:inherit}.elementor-widget-image-box .elementor-image-box-wrapper{text-align:center}.elementor-widget-image-box .elementor-image-box-description{margin:0}<\/style><div class=\"elementor-image-box-wrapper\"><figure class=\"elementor-image-box-img\"><img width=\"64\" height=\"64\" src=\"https:\/\/www.ifs.cat\/wp-content\/uploads\/2021\/12\/ginecologia_blanco.png\" class=\"attachment-full size-full\" alt=\"\" loading=\"lazy\" \/><\/figure><div class=\"elementor-image-box-content\"><h1 class=\"elementor-image-box-title\">\u00bfUna ni\u00f1a tiene que ir al ginec\u00f3logo?<\/h1><\/div><\/div>\t\t<\/div>\n\t\t\t\t<\/div>\n\t\t\t\t\t<\/div>\n\t\t<\/div>\n\t\t\t\t\t\t\t<\/div>\n\t\t<\/section>\n\t\t\t\t<section class=\"elementor-section elementor-top-section elementor-element elementor-element-854505c elementor-section-boxed elementor-section-height-default elementor-section-height-default parallax_section_no qode_elementor_container_no\" data-id=\"854505c\" data-element_type=\"section\">\n\t\t\t\t\t\t<div class=\"elementor-container elementor-column-gap-default\">\n\t\t\t\t\t<div class=\"elementor-column elementor-col-66 elementor-top-column elementor-element elementor-element-5620a47\" data-id=\"5620a47\" data-element_type=\"column\">\n\t\t\t<div class=\"elementor-widget-wrap elementor-element-populated\">\n\t\t\t\t\t\t\t\t<section class=\"elementor-section elementor-inner-section elementor-element elementor-element-ea8f305 elementor-section-boxed elementor-section-height-default elementor-section-height-default parallax_section_no qode_elementor_container_no\" data-id=\"ea8f305\" data-element_type=\"section\">\n\t\t\t\t\t\t<div class=\"elementor-container elementor-column-gap-default\">\n\t\t\t\t\t<div class=\"elementor-column elementor-col-100 elementor-inner-column elementor-element elementor-element-1aaa5e1 animated-fast elementor-invisible\" data-id=\"1aaa5e1\" data-element_type=\"column\" data-settings=\"{&quot;animation&quot;:&quot;fadeIn&quot;}\">\n\t\t\t<div class=\"elementor-widget-wrap elementor-element-populated\">\n\t\t\t\t\t\t\t\t<div class=\"elementor-element elementor-element-6130407 elementor-widget elementor-widget-text-editor\" data-id=\"6130407\" data-element_type=\"widget\" data-widget_type=\"text-editor.default\">\n\t\t\t\t<div class=\"elementor-widget-container\">\n\t\t\t<style>\/*! elementor - v3.5.3 - 28-12-2021 *\/\n.elementor-widget-text-editor.elementor-drop-cap-view-stacked .elementor-drop-cap{background-color:#818a91;color:#fff}.elementor-widget-text-editor.elementor-drop-cap-view-framed .elementor-drop-cap{color:#818a91;border:3px solid;background-color:transparent}.elementor-widget-text-editor:not(.elementor-drop-cap-view-default) .elementor-drop-cap{margin-top:8px}.elementor-widget-text-editor:not(.elementor-drop-cap-view-default) .elementor-drop-cap-letter{width:1em;height:1em}.elementor-widget-text-editor .elementor-drop-cap{float:left;text-align:center;line-height:1;font-size:50px}.elementor-widget-text-editor .elementor-drop-cap-letter{display:inline-block}<\/style>\t\t\t\t<p><strong>Solo se hacen en casos muy puntuales<\/strong>, puesto que en la mayor\u00eda de casos es el propio pediatra que soluciona los problemas que puedan surgir-a una ni\u00f1a, de meses o algo m\u00e1s grandeta, a nivel ginecol\u00f3gico.<\/p>\n\t\t\t\t\t\t<\/div>\n\t\t\t\t<\/div>\n\t\t\t\t<div class=\"elementor-element elementor-element-bde844e elementor-widget elementor-widget-text-editor\" data-id=\"bde844e\" data-element_type=\"widget\" data-widget_type=\"text-editor.default\">\n\t\t\t\t<div class=\"elementor-widget-container\">\n\t\t\t\t\t\t\t<p><strong>Cuando es aconsejable que la vea un ginec\u00f3logo\/a?<\/strong><\/p>\n<ul>\n<li>cuando tenga flujo muy abundante o dolor vulvar.<\/li>\n<li>cuando se le haya cerrado la vulva, \u00absellando\u00bb los labios y no pudiendo hacer pis.<\/li>\n<li>cuando aparezcan p\u00e9rdidas de sangre antes de la pubertad.<\/li>\n<li>cuando parezca que se avanza la pubertad.<\/li>\n<\/ul>\n\t\t\t\t\t\t<\/div>\n\t\t\t\t<\/div>\n\t\t\t\t\t<\/div>\n\t\t<\/div>\n\t\t\t\t\t\t\t<\/div>\n\t\t<\/section>\n\t\t\t\t\t<\/div>\n\t\t<\/div>\n\t\t\t\t<div class=\"elementor-column elementor-col-33 elementor-top-column elementor-element elementor-element-f9706d2\" data-id=\"f9706d2\" data-element_type=\"column\">\n\t\t\t<div class=\"elementor-widget-wrap elementor-element-populated\">\n\t\t\t\t\t\t\t\t<div class=\"elementor-element elementor-element-e782779 animated-fast elementor-invisible elementor-widget elementor-widget-image\" data-id=\"e782779\" data-element_type=\"widget\" data-settings=\"{&quot;_animation&quot;:&quot;fadeInRight&quot;,&quot;_animation_delay&quot;:500}\" data-widget_type=\"image.default\">\n\t\t\t\t<div class=\"elementor-widget-container\">\n\t\t\t<style>\/*! elementor - v3.5.3 - 28-12-2021 *\/\n.elementor-widget-image{text-align:center}.elementor-widget-image a{display:inline-block}.elementor-widget-image a img[src$=\".svg\"]{width:48px}.elementor-widget-image img{vertical-align:middle;display:inline-block}<\/style>\t\t\t\t\t\t\t\t\t\t\t\t<img width=\"630\" height=\"280\" src=\"https:\/\/www.ifs.cat\/wp-content\/uploads\/2021\/12\/ifs_gineconena.jpg\" class=\"attachment-full size-full\" alt=\"\" loading=\"lazy\" srcset=\"https:\/\/www.ifs.cat\/wp-content\/uploads\/2021\/12\/ifs_gineconena.jpg 630w, https:\/\/www.ifs.cat\/wp-content\/uploads\/2021\/12\/ifs_gineconena-300x133.jpg 300w\" sizes=\"(max-width: 630px) 100vw, 630px\" \/>\t\t\t\t\t\t\t\t\t\t\t\t\t\t\t<\/div>\n\t\t\t\t<\/div>\n\t\t\t\t<div class=\"elementor-element elementor-element-a7ef474 elementor-widget elementor-widget-spacer\" data-id=\"a7ef474\" data-element_type=\"widget\" data-widget_type=\"spacer.default\">\n\t\t\t\t<div class=\"elementor-widget-container\">\n\t\t\t\t\t<div class=\"elementor-spacer\">\n\t\t\t<div class=\"elementor-spacer-inner\"><\/div>\n\t\t<\/div>\n\t\t\t\t<\/div>\n\t\t\t\t<\/div>\n\t\t\t\t<div class=\"elementor-element elementor-element-31a0ebb animated-fast elementor-invisible elementor-widget elementor-widget-heading\" data-id=\"31a0ebb\" data-element_type=\"widget\" data-settings=\"{&quot;_animation&quot;:&quot;fadeInRight&quot;}\" data-widget_type=\"heading.default\">\n\t\t\t\t<div class=\"elementor-widget-container\">\n\t\t\t<style>\/*! elementor - v3.5.3 - 28-12-2021 *\/\n.elementor-heading-title{padding:0;margin:0;line-height:1}.elementor-widget-heading .elementor-heading-title[class*=elementor-size-]>a{color:inherit;font-size:inherit;line-height:inherit}.elementor-widget-heading .elementor-heading-title.elementor-size-small{font-size:15px}.elementor-widget-heading .elementor-heading-title.elementor-size-medium{font-size:19px}.elementor-widget-heading .elementor-heading-title.elementor-size-large{font-size:29px}.elementor-widget-heading .elementor-heading-title.elementor-size-xl{font-size:39px}.elementor-widget-heading .elementor-heading-title.elementor-size-xxl{font-size:59px}<\/style><h3 class=\"elementor-heading-title elementor-size-default\">M\u00e1s sobre Ginecolog\u00eda<\/h3>\t\t<\/div>\n\t\t\t\t<\/div>\n\t\t\t\t<div class=\"elementor-element elementor-element-c6afe29 menu-serveis animated-fast elementor-invisible elementor-widget elementor-widget-wp-widget-nav_menu\" data-id=\"c6afe29\" data-element_type=\"widget\" data-settings=\"{&quot;_animation&quot;:&quot;fadeInRight&quot;}\" data-widget_type=\"wp-widget-nav_menu.default\">\n\t\t\t\t<div class=\"elementor-widget-container\">\n\t\t\t<div class=\"menu-ginecologia-spanish-container\"><ul id=\"menu-ginecologia-spanish\" class=\"menu\"><li id=\"menu-item-1481\" class=\"menu-item menu-item-type-post_type menu-item-object-page menu-item-1481\"><a href=\"https:\/\/www.ifs.cat\/es\/especialidades\/ginecologia\/dolor-vulvar-cronico\/\">Dolor vulvar cr\u00f3nico<\/a><\/li>\n<li id=\"menu-item-1482\" class=\"menu-item menu-item-type-post_type menu-item-object-page menu-item-1482\"><a href=\"https:\/\/www.ifs.cat\/es\/especialidades\/ginecologia\/ginecologia-y-deporte\/\">Ginecolog\u00eda y deporte<\/a><\/li>\n<li id=\"menu-item-1483\" class=\"menu-item menu-item-type-post_type menu-item-object-page menu-item-1483\"><a href=\"https:\/\/www.ifs.cat\/es\/especialidades\/ginecologia\/la-higiene-durante-la-menstruacion\/\">La higiene durante la menstruaci\u00f3n<\/a><\/li>\n<li id=\"menu-item-1484\" class=\"menu-item menu-item-type-post_type menu-item-object-page menu-item-1484\"><a href=\"https:\/\/www.ifs.cat\/es\/especialidades\/ginecologia\/la-revision-ginecologica\/\">La revisi\u00f3n ginecol\u00f3gica<\/a><\/li>\n<li id=\"menu-item-1485\" class=\"menu-item menu-item-type-post_type menu-item-object-page menu-item-1485\"><a href=\"https:\/\/www.ifs.cat\/es\/especialidades\/ginecologia\/operaciones-ginecologicas\/\">Operaciones ginecol\u00f3gicas<\/a><\/li>\n<li id=\"menu-item-1486\" class=\"menu-item menu-item-type-post_type menu-item-object-page menu-item-1486\"><a href=\"https:\/\/www.ifs.cat\/es\/especialidades\/ginecologia\/una-nina-tiene-que-ir-al-ginecologo\/\">\u00bfUna ni\u00f1a tiene que ir al ginec\u00f3logo?<\/a><\/li>\n<li id=\"menu-item-1487\" class=\"menu-item menu-item-type-post_type menu-item-object-page menu-item-1487\"><a href=\"https:\/\/www.ifs.cat\/es\/especialidades\/ginecologia\/visitarse-por-un-problema\/\">Visitarse por un problema<\/a><\/li>\n<\/ul><\/div>\t\t<\/div>\n\t\t\t\t<\/div>\n\t\t\t\t<div class=\"elementor-element elementor-element-319ce4c elementor-widget elementor-widget-spacer\" data-id=\"319ce4c\" data-element_type=\"widget\" data-widget_type=\"spacer.default\">\n\t\t\t\t<div class=\"elementor-widget-container\">\n\t\t\t\t\t<div class=\"elementor-spacer\">\n\t\t\t<div class=\"elementor-spacer-inner\"><\/div>\n\t\t<\/div>\n\t\t\t\t<\/div>\n\t\t\t\t<\/div>\n\t\t\t\t<div class=\"elementor-element elementor-element-048d222 animated-fast elementor-invisible elementor-widget elementor-widget-heading\" data-id=\"048d222\" data-element_type=\"widget\" data-settings=\"{&quot;_animation&quot;:&quot;fadeInRight&quot;}\" data-widget_type=\"heading.default\">\n\t\t\t\t<div class=\"elementor-widget-container\">\n\t\t\t<h3 class=\"elementor-heading-title elementor-size-default\">Nuestros servicios <\/h3>\t\t<\/div>\n\t\t\t\t<\/div>\n\t\t\t\t<div class=\"elementor-element elementor-element-c4c28a7 menu-serveis animated-fast elementor-invisible elementor-widget elementor-widget-wp-widget-nav_menu\" data-id=\"c4c28a7\" data-element_type=\"widget\" data-settings=\"{&quot;_animation&quot;:&quot;fadeInRight&quot;}\" data-widget_type=\"wp-widget-nav_menu.default\">\n\t\t\t\t<div class=\"elementor-widget-container\">\n\t\t\t<div class=\"menu-serveis-spanish-container\"><ul id=\"menu-serveis-spanish\" class=\"menu\"><li id=\"menu-item-1455\" class=\"menu-item menu-item-type-post_type menu-item-object-page menu-item-1455\"><a href=\"https:\/\/www.ifs.cat\/es\/especialidades\/ginecologia\/\">Ginecolog\u00eda<\/a><\/li>\n<li id=\"menu-item-1456\" class=\"menu-item menu-item-type-post_type menu-item-object-page menu-item-1456\"><a href=\"https:\/\/www.ifs.cat\/es\/especialidades\/obstetricia\/\">Obstetricia<\/a><\/li>\n<li id=\"menu-item-1459\" class=\"menu-item menu-item-type-post_type menu-item-object-page menu-item-1459\"><a href=\"https:\/\/www.ifs.cat\/es\/especialidades\/medicina-interna-y-nutricion\/\">Medicina interna y nutrici\u00f3n<\/a><\/li>\n<li id=\"menu-item-1460\" class=\"menu-item menu-item-type-post_type menu-item-object-page menu-item-1460\"><a href=\"https:\/\/www.ifs.cat\/es\/especialidades\/urologia\/\">Urolog\u00eda<\/a><\/li>\n<li id=\"menu-item-1461\" class=\"menu-item menu-item-type-post_type menu-item-object-page menu-item-1461\"><a href=\"https:\/\/www.ifs.cat\/es\/especialidades\/cirugia-general-y-tiroides\/\">Cirug\u00eda general y tiroides<\/a><\/li>\n<li id=\"menu-item-1462\" class=\"menu-item menu-item-type-post_type menu-item-object-page menu-item-1462\"><a href=\"https:\/\/www.ifs.cat\/es\/especialidades\/cirugia-intima-femenina\/\">Cirug\u00eda \u00edntima femenina<\/a><\/li>\n<li id=\"menu-item-1463\" class=\"menu-item menu-item-type-post_type menu-item-object-page menu-item-1463\"><a href=\"https:\/\/www.ifs.cat\/es\/especialidades\/cirugia-digestiva\/\">Cirug\u00eda digestiva<\/a><\/li>\n<\/ul><\/div>\t\t<\/div>\n\t\t\t\t<\/div>\n\t\t\t\t<div class=\"elementor-element elementor-element-175ce38 elementor-widget elementor-widget-spacer\" data-id=\"175ce38\" data-element_type=\"widget\" data-widget_type=\"spacer.default\">\n\t\t\t\t<div class=\"elementor-widget-container\">\n\t\t\t\t\t<div class=\"elementor-spacer\">\n\t\t\t<div class=\"elementor-spacer-inner\"><\/div>\n\t\t<\/div>\n\t\t\t\t<\/div>\n\t\t\t\t<\/div>\n\t\t\t\t<div class=\"elementor-element elementor-element-601e936 custom elementor-widget elementor-widget-qi_addons_for_elementor_call_to_action\" data-id=\"601e936\" data-element_type=\"widget\" data-widget_type=\"qi_addons_for_elementor_call_to_action.default\">\n\t\t\t\t<div class=\"elementor-widget-container\">\n\t\t\t<div class=\"qodef-shortcode qodef-m  qodef-qi-call-to-action qodef-layout--standard qodef-button-below--1024 \">\n\t<div class=\"qodef-m-inner\">\n\t\t<div class=\"qodef-m-content\">\n\t\t\t<h5 class=\"qodef-m-title\">\n\t\t\t\u00bfQuieres contactar con nosotros?\t\t<\/h5>\n\t\t\t\t<div class=\"qodef-m-text\">\n\t\t\tSi quieres recibir m\u00e1s informaci\u00f3n sobre nuestros servicios o prefieres concertar una cita, ponte en contacto con nosotros.\t\t<\/div>\n\t<\/div>\n\t\t\t<div class=\"qodef-m-button\">\n\t\t<a class=\"qodef-shortcode qodef-m  qodef-qi-button qodef-html--link qodef-layout--filled qodef-type--standard   qodef-icon--right qodef-hover--icon-move-horizontal-short     \" href=\"https:\/\/www.ifs.cat\/es\/contacto\/\" target=\"_self\">\t<span class=\"qodef-m-text\">Contactar<\/span>\t<\/a>\t<\/div>\n\t\t\t<\/div>\n<\/div>\n\t\t<\/div>\n\t\t\t\t<\/div>\n\t\t\t\t\t<\/div>\n\t\t<\/div>\n\t\t\t\t\t\t\t<\/div>\n\t\t<\/section>\n\t\t\t\t\t\t<\/div>\n\t\t\t\t\t<\/div>\n\t\t","protected":false},"excerpt":{"rendered":"<p>\u00bfUna ni\u00f1a tiene que ir al ginec\u00f3logo? Solo se hacen en casos muy puntuales, puesto que en la mayor\u00eda de casos es el propio pediatra que soluciona los problemas que puedan surgir-a una ni\u00f1a, de meses o algo m\u00e1s grandeta, a nivel ginecol\u00f3gico. Cuando es&#8230;<\/p>\n","protected":false},"author":1,"featured_media":0,"parent":1039,"menu_order":0,"comment_status":"closed","ping_status":"closed","template":"elementor_header_footer","meta":[],"_links":{"self":[{"href":"https:\/\/www.ifs.cat\/es\/wp-json\/wp\/v2\/pages\/1061"}],"collection":[{"href":"https:\/\/www.ifs.cat\/es\/wp-json\/wp\/v2\/pages"}],"about":[{"href":"https:\/\/www.ifs.cat\/es\/wp-json\/wp\/v2\/types\/page"}],"author":[{"embeddable":true,"href":"https:\/\/www.ifs.cat\/es\/wp-json\/wp\/v2\/users\/1"}],"replies":[{"embeddable":true,"href":"https:\/\/www.ifs.cat\/es\/wp-json\/wp\/v2\/comments?post=1061"}],"version-history":[{"count":5,"href":"https:\/\/www.ifs.cat\/es\/wp-json\/wp\/v2\/pages\/1061\/revisions"}],"predecessor-version":[{"id":1249,"href":"https:\/\/www.ifs.cat\/es\/wp-json\/wp\/v2\/pages\/1061\/revisions\/1249"}],"up":[{"embeddable":true,"href":"https:\/\/www.ifs.cat\/es\/wp-json\/wp\/v2\/pages\/1039"}],"wp:attachment":[{"href":"https:\/\/www.ifs.cat\/es\/wp-json\/wp\/v2\/media?parent=1061"}],"curies":[{"name":"wp","href":"https:\/\/api.w.org\/{rel}","templated":true}]}}