{"id":1101,"date":"2022-01-03T09:48:45","date_gmt":"2022-01-03T09:48:45","guid":{"rendered":"https:\/\/www.ifs.cat\/especialidades\/reproduccion-humana\/"},"modified":"2022-01-12T08:26:03","modified_gmt":"2022-01-12T08:26:03","slug":"reproduccion-humana","status":"publish","type":"page","link":"https:\/\/www.ifs.cat\/es\/especialidades\/reproduccion-humana\/","title":{"rendered":"Reproducci\u00f3n humana"},"content":{"rendered":"\t\t<div data-elementor-type=\"wp-page\" data-elementor-id=\"1101\" class=\"elementor elementor-1101 elementor-335\" data-elementor-settings=\"[]\">\n\t\t\t\t\t\t\t<div class=\"elementor-section-wrap\">\n\t\t\t\t\t\t\t<section class=\"elementor-section elementor-top-section elementor-element elementor-element-160a229 elementor-section-boxed elementor-section-height-default elementor-section-height-default parallax_section_no qode_elementor_container_no\" data-id=\"160a229\" data-element_type=\"section\" data-settings=\"{&quot;background_background&quot;:&quot;classic&quot;}\">\n\t\t\t\t\t\t<div class=\"elementor-container elementor-column-gap-default\">\n\t\t\t\t\t<div class=\"elementor-column elementor-col-100 elementor-top-column elementor-element elementor-element-c72cfd4\" data-id=\"c72cfd4\" data-element_type=\"column\">\n\t\t\t<div class=\"elementor-widget-wrap elementor-element-populated\">\n\t\t\t\t\t\t\t\t<div class=\"elementor-element elementor-element-0b23cdb elementor-position-left elementor-vertical-align-middle xs-no-image elementor-widget elementor-widget-image-box\" data-id=\"0b23cdb\" data-element_type=\"widget\" data-widget_type=\"image-box.default\">\n\t\t\t\t<div class=\"elementor-widget-container\">\n\t\t\t<style>\/*! elementor - v3.5.3 - 28-12-2021 *\/\n.elementor-widget-image-box .elementor-image-box-content{width:100%}@media (min-width:768px){.elementor-widget-image-box.elementor-position-left .elementor-image-box-wrapper,.elementor-widget-image-box.elementor-position-right .elementor-image-box-wrapper{display:-webkit-box;display:-ms-flexbox;display:flex}.elementor-widget-image-box.elementor-position-right .elementor-image-box-wrapper{text-align:right;-webkit-box-orient:horizontal;-webkit-box-direction:reverse;-ms-flex-direction:row-reverse;flex-direction:row-reverse}.elementor-widget-image-box.elementor-position-left .elementor-image-box-wrapper{text-align:left;-webkit-box-orient:horizontal;-webkit-box-direction:normal;-ms-flex-direction:row;flex-direction:row}.elementor-widget-image-box.elementor-position-top .elementor-image-box-img{margin:auto}.elementor-widget-image-box.elementor-vertical-align-top .elementor-image-box-wrapper{-webkit-box-align:start;-ms-flex-align:start;align-items:flex-start}.elementor-widget-image-box.elementor-vertical-align-middle .elementor-image-box-wrapper{-webkit-box-align:center;-ms-flex-align:center;align-items:center}.elementor-widget-image-box.elementor-vertical-align-bottom .elementor-image-box-wrapper{-webkit-box-align:end;-ms-flex-align:end;align-items:flex-end}}@media (max-width:767px){.elementor-widget-image-box .elementor-image-box-img{margin-left:auto!important;margin-right:auto!important;margin-bottom:15px}}.elementor-widget-image-box .elementor-image-box-img{display:inline-block}.elementor-widget-image-box .elementor-image-box-title a{color:inherit}.elementor-widget-image-box .elementor-image-box-wrapper{text-align:center}.elementor-widget-image-box .elementor-image-box-description{margin:0}<\/style><div class=\"elementor-image-box-wrapper\"><figure class=\"elementor-image-box-img\"><img width=\"64\" height=\"64\" src=\"https:\/\/www.ifs.cat\/wp-content\/uploads\/2021\/12\/reproduccio_blanco.png\" class=\"attachment-full size-full\" alt=\"\" loading=\"lazy\" \/><\/figure><div class=\"elementor-image-box-content\"><h1 class=\"elementor-image-box-title\">Reproducci\u00f3n humana<\/h1><\/div><\/div>\t\t<\/div>\n\t\t\t\t<\/div>\n\t\t\t\t\t<\/div>\n\t\t<\/div>\n\t\t\t\t\t\t\t<\/div>\n\t\t<\/section>\n\t\t\t\t<section class=\"elementor-section elementor-top-section elementor-element elementor-element-854505c elementor-section-boxed elementor-section-height-default elementor-section-height-default parallax_section_no qode_elementor_container_no\" data-id=\"854505c\" data-element_type=\"section\">\n\t\t\t\t\t\t<div class=\"elementor-container elementor-column-gap-default\">\n\t\t\t\t\t<div class=\"elementor-column elementor-col-66 elementor-top-column elementor-element elementor-element-5620a47\" data-id=\"5620a47\" data-element_type=\"column\">\n\t\t\t<div class=\"elementor-widget-wrap elementor-element-populated\">\n\t\t\t\t\t\t\t\t<section class=\"elementor-section elementor-inner-section elementor-element elementor-element-ea8f305 elementor-section-boxed elementor-section-height-default elementor-section-height-default parallax_section_no qode_elementor_container_no\" data-id=\"ea8f305\" data-element_type=\"section\">\n\t\t\t\t\t\t<div class=\"elementor-container elementor-column-gap-default\">\n\t\t\t\t\t<div class=\"elementor-column elementor-col-100 elementor-inner-column elementor-element elementor-element-1aaa5e1 animated-fast elementor-invisible\" data-id=\"1aaa5e1\" data-element_type=\"column\" data-settings=\"{&quot;animation&quot;:&quot;fadeIn&quot;}\">\n\t\t\t<div class=\"elementor-widget-wrap elementor-element-populated\">\n\t\t\t\t\t\t\t\t<div class=\"elementor-element elementor-element-b24f3b6 elementor-widget elementor-widget-heading\" data-id=\"b24f3b6\" data-element_type=\"widget\" data-widget_type=\"heading.default\">\n\t\t\t\t<div class=\"elementor-widget-container\">\n\t\t\t<style>\/*! elementor - v3.5.3 - 28-12-2021 *\/\n.elementor-heading-title{padding:0;margin:0;line-height:1}.elementor-widget-heading .elementor-heading-title[class*=elementor-size-]>a{color:inherit;font-size:inherit;line-height:inherit}.elementor-widget-heading .elementor-heading-title.elementor-size-small{font-size:15px}.elementor-widget-heading .elementor-heading-title.elementor-size-medium{font-size:19px}.elementor-widget-heading .elementor-heading-title.elementor-size-large{font-size:29px}.elementor-widget-heading .elementor-heading-title.elementor-size-xl{font-size:39px}.elementor-widget-heading .elementor-heading-title.elementor-size-xxl{font-size:59px}<\/style><h2 class=\"elementor-heading-title elementor-size-default\">Diagn\u00f3stico con el estudio de la pareja<\/h2>\t\t<\/div>\n\t\t\t\t<\/div>\n\t\t\t\t<div class=\"elementor-element elementor-element-55253a3 elementor-widget elementor-widget-text-editor\" data-id=\"55253a3\" data-element_type=\"widget\" data-widget_type=\"text-editor.default\">\n\t\t\t\t<div class=\"elementor-widget-container\">\n\t\t\t<style>\/*! elementor - v3.5.3 - 28-12-2021 *\/\n.elementor-widget-text-editor.elementor-drop-cap-view-stacked .elementor-drop-cap{background-color:#818a91;color:#fff}.elementor-widget-text-editor.elementor-drop-cap-view-framed .elementor-drop-cap{color:#818a91;border:3px solid;background-color:transparent}.elementor-widget-text-editor:not(.elementor-drop-cap-view-default) .elementor-drop-cap{margin-top:8px}.elementor-widget-text-editor:not(.elementor-drop-cap-view-default) .elementor-drop-cap-letter{width:1em;height:1em}.elementor-widget-text-editor .elementor-drop-cap{float:left;text-align:center;line-height:1;font-size:50px}.elementor-widget-text-editor .elementor-drop-cap-letter{display:inline-block}<\/style>\t\t\t\t<p>Es el estudio que se realiza de forma simult\u00e1nea a la pareja que acude para saber la causa o las causas que expliquen la falta de embarazo o la p\u00e9rdida reiterada del mismo. Pueden ser m\u00faltiples y pueden afectar a ambos miembros. Por este motivo las pruebas y las exploraciones que se tienen que practicar para llegar a un diagn\u00f3stico definitivo se realizan a los dos miembros de la pareja.<\/p>\n\t\t\t\t\t\t<\/div>\n\t\t\t\t<\/div>\n\t\t\t\t<div class=\"elementor-element elementor-element-047841e elementor-widget elementor-widget-qi_addons_for_elementor_separator\" data-id=\"047841e\" data-element_type=\"widget\" data-widget_type=\"qi_addons_for_elementor_separator.default\">\n\t\t\t\t<div class=\"elementor-widget-container\">\n\t\t\t<div class=\"qodef-shortcode qodef-m icono_separador qodef-qi-separator qodef-qi-clear qodef-separator--with-icon qodef-position--center\">\n\t<div class=\"qodef-m-line\">\n\t\t<div class=\"qodef-m-inner-line\"><\/div>\n\t\t\t<span class=\"qodef-m-separator-icon\">\n\t\t<i aria-hidden=\"true\" class=\"fas fa-baby\"><\/i>\t<\/span>\n\t\t\t<div class=\"qodef-m-inner-line\"><\/div>\n\t<\/div>\n<\/div>\n\t\t<\/div>\n\t\t\t\t<\/div>\n\t\t\t\t<div class=\"elementor-element elementor-element-8e652ec elementor-widget elementor-widget-heading\" data-id=\"8e652ec\" data-element_type=\"widget\" data-widget_type=\"heading.default\">\n\t\t\t\t<div class=\"elementor-widget-container\">\n\t\t\t<h2 class=\"elementor-heading-title elementor-size-default\">Tratamientos en Reproducci\u00f3n Humana<\/h2>\t\t<\/div>\n\t\t\t\t<\/div>\n\t\t\t\t<div class=\"elementor-element elementor-element-9c28bf6 elementor-widget elementor-widget-text-editor\" data-id=\"9c28bf6\" data-element_type=\"widget\" data-widget_type=\"text-editor.default\">\n\t\t\t\t<div class=\"elementor-widget-container\">\n\t\t\t\t\t\t\t<p><strong>Inseminaci\u00f3n artificial<\/strong><\/p>\n<p>La Inseminaci\u00f3n Artificial (IA) es la t\u00e9cnica mediante la cual se depositan espermatozoos m\u00f3viles al \u00fatero materno.<\/p>\n\t\t\t\t\t\t<\/div>\n\t\t\t\t<\/div>\n\t\t\t\t<div class=\"elementor-element elementor-element-b56d9a5 elementor-widget elementor-widget-text-editor\" data-id=\"b56d9a5\" data-element_type=\"widget\" data-widget_type=\"text-editor.default\">\n\t\t\t\t<div class=\"elementor-widget-container\">\n\t\t\t\t\t\t\t<p><strong>Fecundaci\u00f3n in vitro<\/strong><\/p>\n<p>La Fecundaci\u00f3n In vitro (FIV) es el tratamiento que nos permite obtener \u00f3vulos y espermatozoos, y fecundarlos en el laboratorio.<\/p>\n\t\t\t\t\t\t<\/div>\n\t\t\t\t<\/div>\n\t\t\t\t<div class=\"elementor-element elementor-element-b7d0df8 elementor-widget elementor-widget-text-editor\" data-id=\"b7d0df8\" data-element_type=\"widget\" data-widget_type=\"text-editor.default\">\n\t\t\t\t<div class=\"elementor-widget-container\">\n\t\t\t\t\t\t\t<p><strong>Recepci\u00f3n de \u00f3vulos<\/strong><\/p>\n<p>El tratamiento con \u00f3vulos de donante consiste al realizar una Fecundaci\u00f3n In vitro utilizando \u00f3vulos que proceden de una donante.<\/p>\n\t\t\t\t\t\t<\/div>\n\t\t\t\t<\/div>\n\t\t\t\t<div class=\"elementor-element elementor-element-a45ca1b elementor-widget elementor-widget-text-editor\" data-id=\"a45ca1b\" data-element_type=\"widget\" data-widget_type=\"text-editor.default\">\n\t\t\t\t<div class=\"elementor-widget-container\">\n\t\t\t\t\t\t\t<p><strong>T\u00e9cnicas complementar\u00edas<\/strong><\/p>\n<p>Con t\u00e9cnicas como la ICSI, el sistema Time Lapso, la Vitrificaci\u00f3n, el Diagn\u00f3stico Gen\u00e9tico Preimplantacional, o las Columnas de Anexina (MACS).<\/p>\n\t\t\t\t\t\t<\/div>\n\t\t\t\t<\/div>\n\t\t\t\t<div class=\"elementor-element elementor-element-90f14d4 elementor-widget elementor-widget-qi_addons_for_elementor_separator\" data-id=\"90f14d4\" data-element_type=\"widget\" data-widget_type=\"qi_addons_for_elementor_separator.default\">\n\t\t\t\t<div class=\"elementor-widget-container\">\n\t\t\t<div class=\"qodef-shortcode qodef-m icono_separador qodef-qi-separator qodef-qi-clear qodef-separator--with-icon qodef-position--center\">\n\t<div class=\"qodef-m-line\">\n\t\t<div class=\"qodef-m-inner-line\"><\/div>\n\t\t\t<span class=\"qodef-m-separator-icon\">\n\t\t<i aria-hidden=\"true\" class=\"fas fa-baby\"><\/i>\t<\/span>\n\t\t\t<div class=\"qodef-m-inner-line\"><\/div>\n\t<\/div>\n<\/div>\n\t\t<\/div>\n\t\t\t\t<\/div>\n\t\t\t\t<div class=\"elementor-element elementor-element-87d09e2 animated-fast elementor-invisible elementor-widget elementor-widget-heading\" data-id=\"87d09e2\" data-element_type=\"widget\" data-settings=\"{&quot;_animation&quot;:&quot;fadeIn&quot;}\" data-widget_type=\"heading.default\">\n\t\t\t\t<div class=\"elementor-widget-container\">\n\t\t\t<h2 class=\"elementor-heading-title elementor-size-default\">Preguntas m\u00e1s comunes sobre reproducci\u00f3n humana<\/h2>\t\t<\/div>\n\t\t\t\t<\/div>\n\t\t\t\t<div class=\"elementor-element elementor-element-fcc5052 animated-fast elementor-invisible elementor-widget elementor-widget-text-editor\" data-id=\"fcc5052\" data-element_type=\"widget\" data-settings=\"{&quot;_animation&quot;:&quot;fadeIn&quot;}\" data-widget_type=\"text-editor.default\">\n\t\t\t\t<div class=\"elementor-widget-container\">\n\t\t\t\t\t\t\t<ul>\n<li>Qui\u00e9n acostumbra a ser responsable de la infertilidad, el hombre o la mujer?<\/li>\n<li>La edad es una causa de infertilidad?<\/li>\n<li>Hasta qu\u00e9 edad puedo someterme a un tratamiento de reproducci\u00f3n asistida?<\/li>\n<li>Un estilo de vida vegetariano puede ser la causa de mi esterilidad?<\/li>\n<li>Cu\u00e1l es la frecuencia en que se tienen que mantener relaciones sexuales para quedarse embarazada?<\/li>\n<li>Qu\u00e9 es una cl\u00ednica de Reproducci\u00f3n Asistida?<\/li>\n<\/ul>\n\t\t\t\t\t\t<\/div>\n\t\t\t\t<\/div>\n\t\t\t\t<div class=\"elementor-element elementor-element-c7ccfbf animated-fast elementor-invisible elementor-widget elementor-widget-text-editor\" data-id=\"c7ccfbf\" data-element_type=\"widget\" data-settings=\"{&quot;_animation&quot;:&quot;fadeIn&quot;}\" data-widget_type=\"text-editor.default\">\n\t\t\t\t<div class=\"elementor-widget-container\">\n\t\t\t\t\t\t\t<p>Todas estas preguntas os las podemos responder en el enlace con Imara Centro de Reproducci\u00f3n Humana<\/p>\n\t\t\t\t\t\t<\/div>\n\t\t\t\t<\/div>\n\t\t\t\t<div class=\"elementor-element elementor-element-9d3d90c elementor-widget elementor-widget-spacer\" data-id=\"9d3d90c\" data-element_type=\"widget\" data-widget_type=\"spacer.default\">\n\t\t\t\t<div class=\"elementor-widget-container\">\n\t\t\t\t\t<div class=\"elementor-spacer\">\n\t\t\t<div class=\"elementor-spacer-inner\"><\/div>\n\t\t<\/div>\n\t\t\t\t<\/div>\n\t\t\t\t<\/div>\n\t\t\t\t\t<\/div>\n\t\t<\/div>\n\t\t\t\t\t\t\t<\/div>\n\t\t<\/section>\n\t\t\t\t\t<\/div>\n\t\t<\/div>\n\t\t\t\t<div class=\"elementor-column elementor-col-33 elementor-top-column elementor-element elementor-element-f9706d2\" data-id=\"f9706d2\" data-element_type=\"column\">\n\t\t\t<div class=\"elementor-widget-wrap elementor-element-populated\">\n\t\t\t\t\t\t\t\t<div class=\"elementor-element elementor-element-e782779 animated-fast elementor-invisible elementor-widget elementor-widget-image\" data-id=\"e782779\" data-element_type=\"widget\" data-settings=\"{&quot;_animation&quot;:&quot;fadeInRight&quot;,&quot;_animation_delay&quot;:500}\" data-widget_type=\"image.default\">\n\t\t\t\t<div class=\"elementor-widget-container\">\n\t\t\t<style>\/*! elementor - v3.5.3 - 28-12-2021 *\/\n.elementor-widget-image{text-align:center}.elementor-widget-image a{display:inline-block}.elementor-widget-image a img[src$=\".svg\"]{width:48px}.elementor-widget-image img{vertical-align:middle;display:inline-block}<\/style>\t\t\t\t\t\t\t\t\t\t\t\t<img width=\"630\" height=\"280\" src=\"https:\/\/www.ifs.cat\/wp-content\/uploads\/2021\/12\/ifs_reproduccio.jpg\" class=\"attachment-full size-full\" alt=\"\" loading=\"lazy\" srcset=\"https:\/\/www.ifs.cat\/wp-content\/uploads\/2021\/12\/ifs_reproduccio.jpg 630w, https:\/\/www.ifs.cat\/wp-content\/uploads\/2021\/12\/ifs_reproduccio-300x133.jpg 300w\" sizes=\"(max-width: 630px) 100vw, 630px\" \/>\t\t\t\t\t\t\t\t\t\t\t\t\t\t\t<\/div>\n\t\t\t\t<\/div>\n\t\t\t\t<div class=\"elementor-element elementor-element-a7ef474 elementor-widget elementor-widget-spacer\" data-id=\"a7ef474\" data-element_type=\"widget\" data-widget_type=\"spacer.default\">\n\t\t\t\t<div class=\"elementor-widget-container\">\n\t\t\t\t\t<div class=\"elementor-spacer\">\n\t\t\t<div class=\"elementor-spacer-inner\"><\/div>\n\t\t<\/div>\n\t\t\t\t<\/div>\n\t\t\t\t<\/div>\n\t\t\t\t<div class=\"elementor-element elementor-element-31a0ebb animated-fast elementor-invisible elementor-widget elementor-widget-heading\" data-id=\"31a0ebb\" data-element_type=\"widget\" data-settings=\"{&quot;_animation&quot;:&quot;fadeInRight&quot;}\" data-widget_type=\"heading.default\">\n\t\t\t\t<div class=\"elementor-widget-container\">\n\t\t\t<h3 class=\"elementor-heading-title elementor-size-default\">Nuestros servicios <\/h3>\t\t<\/div>\n\t\t\t\t<\/div>\n\t\t\t\t<div class=\"elementor-element elementor-element-c6afe29 menu-serveis animated-fast elementor-invisible elementor-widget elementor-widget-wp-widget-nav_menu\" data-id=\"c6afe29\" data-element_type=\"widget\" data-settings=\"{&quot;_animation&quot;:&quot;fadeInRight&quot;}\" data-widget_type=\"wp-widget-nav_menu.default\">\n\t\t\t\t<div class=\"elementor-widget-container\">\n\t\t\t<div class=\"menu-serveis-spanish-container\"><ul id=\"menu-serveis-spanish\" class=\"menu\"><li id=\"menu-item-1455\" class=\"menu-item menu-item-type-post_type menu-item-object-page menu-item-1455\"><a href=\"https:\/\/www.ifs.cat\/es\/especialidades\/ginecologia\/\">Ginecolog\u00eda<\/a><\/li>\n<li id=\"menu-item-1456\" class=\"menu-item menu-item-type-post_type menu-item-object-page menu-item-1456\"><a href=\"https:\/\/www.ifs.cat\/es\/especialidades\/obstetricia\/\">Obstetricia<\/a><\/li>\n<li id=\"menu-item-1459\" class=\"menu-item menu-item-type-post_type menu-item-object-page menu-item-1459\"><a href=\"https:\/\/www.ifs.cat\/es\/especialidades\/medicina-interna-y-nutricion\/\">Medicina interna y nutrici\u00f3n<\/a><\/li>\n<li id=\"menu-item-1460\" class=\"menu-item menu-item-type-post_type menu-item-object-page menu-item-1460\"><a href=\"https:\/\/www.ifs.cat\/es\/especialidades\/urologia\/\">Urolog\u00eda<\/a><\/li>\n<li id=\"menu-item-1461\" class=\"menu-item menu-item-type-post_type menu-item-object-page menu-item-1461\"><a href=\"https:\/\/www.ifs.cat\/es\/especialidades\/cirugia-general-y-tiroides\/\">Cirug\u00eda general y tiroides<\/a><\/li>\n<li id=\"menu-item-1462\" class=\"menu-item menu-item-type-post_type menu-item-object-page menu-item-1462\"><a href=\"https:\/\/www.ifs.cat\/es\/especialidades\/cirugia-intima-femenina\/\">Cirug\u00eda \u00edntima femenina<\/a><\/li>\n<li id=\"menu-item-1463\" class=\"menu-item menu-item-type-post_type menu-item-object-page menu-item-1463\"><a href=\"https:\/\/www.ifs.cat\/es\/especialidades\/cirugia-digestiva\/\">Cirug\u00eda digestiva<\/a><\/li>\n<\/ul><\/div>\t\t<\/div>\n\t\t\t\t<\/div>\n\t\t\t\t<div class=\"elementor-element elementor-element-175ce38 elementor-widget elementor-widget-spacer\" data-id=\"175ce38\" data-element_type=\"widget\" data-widget_type=\"spacer.default\">\n\t\t\t\t<div class=\"elementor-widget-container\">\n\t\t\t\t\t<div class=\"elementor-spacer\">\n\t\t\t<div class=\"elementor-spacer-inner\"><\/div>\n\t\t<\/div>\n\t\t\t\t<\/div>\n\t\t\t\t<\/div>\n\t\t\t\t<div class=\"elementor-element elementor-element-601e936 custom elementor-widget elementor-widget-qi_addons_for_elementor_call_to_action\" data-id=\"601e936\" data-element_type=\"widget\" data-widget_type=\"qi_addons_for_elementor_call_to_action.default\">\n\t\t\t\t<div class=\"elementor-widget-container\">\n\t\t\t<div class=\"qodef-shortcode qodef-m  qodef-qi-call-to-action qodef-layout--standard qodef-button-below--1024 \">\n\t<div class=\"qodef-m-inner\">\n\t\t<div class=\"qodef-m-content\">\n\t\t\t<h5 class=\"qodef-m-title\">\n\t\t\t\u00bfQuieres contactar con nosotros?\t\t<\/h5>\n\t\t\t\t<div class=\"qodef-m-text\">\n\t\t\tSi quieres recibir m\u00e1s informaci\u00f3n sobre nuestros servicios o prefieres concertar una cita, ponte en contacto con nosotros.\t\t<\/div>\n\t<\/div>\n\t\t\t<div class=\"qodef-m-button\">\n\t\t<a class=\"qodef-shortcode qodef-m  qodef-qi-button qodef-html--link qodef-layout--filled qodef-type--standard   qodef-icon--right qodef-hover--icon-move-horizontal-short     \" href=\"https:\/\/www.ifs.cat\/es\/contacto\/\" target=\"_self\">\t<span class=\"qodef-m-text\">Contactar<\/span>\t<\/a>\t<\/div>\n\t\t\t<\/div>\n<\/div>\n\t\t<\/div>\n\t\t\t\t<\/div>\n\t\t\t\t\t<\/div>\n\t\t<\/div>\n\t\t\t\t\t\t\t<\/div>\n\t\t<\/section>\n\t\t\t\t\t\t<\/div>\n\t\t\t\t\t<\/div>\n\t\t","protected":false},"excerpt":{"rendered":"<p>Reproducci\u00f3n humana Diagn\u00f3stico con el estudio de la pareja Es el estudio que se realiza de forma simult\u00e1nea a la pareja que acude para saber la causa o las causas que expliquen la falta de embarazo o la p\u00e9rdida reiterada del mismo. Pueden ser m\u00faltiples&#8230;<\/p>\n","protected":false},"author":1,"featured_media":0,"parent":1029,"menu_order":0,"comment_status":"closed","ping_status":"closed","template":"elementor_header_footer","meta":[],"_links":{"self":[{"href":"https:\/\/www.ifs.cat\/es\/wp-json\/wp\/v2\/pages\/1101"}],"collection":[{"href":"https:\/\/www.ifs.cat\/es\/wp-json\/wp\/v2\/pages"}],"about":[{"href":"https:\/\/www.ifs.cat\/es\/wp-json\/wp\/v2\/types\/page"}],"author":[{"embeddable":true,"href":"https:\/\/www.ifs.cat\/es\/wp-json\/wp\/v2\/users\/1"}],"replies":[{"embeddable":true,"href":"https:\/\/www.ifs.cat\/es\/wp-json\/wp\/v2\/comments?post=1101"}],"version-history":[{"count":5,"href":"https:\/\/www.ifs.cat\/es\/wp-json\/wp\/v2\/pages\/1101\/revisions"}],"predecessor-version":[{"id":1297,"href":"https:\/\/www.ifs.cat\/es\/wp-json\/wp\/v2\/pages\/1101\/revisions\/1297"}],"up":[{"embeddable":true,"href":"https:\/\/www.ifs.cat\/es\/wp-json\/wp\/v2\/pages\/1029"}],"wp:attachment":[{"href":"https:\/\/www.ifs.cat\/es\/wp-json\/wp\/v2\/media?parent=1101"}],"curies":[{"name":"wp","href":"https:\/\/api.w.org\/{rel}","templated":true}]}}