{"id":1123,"date":"2022-01-03T10:42:55","date_gmt":"2022-01-03T10:42:55","guid":{"rendered":"https:\/\/www.ifs.cat\/tratamientos\/fecundacion-in-vitro\/"},"modified":"2022-01-12T08:26:38","modified_gmt":"2022-01-12T08:26:38","slug":"fecundacion-in-vitro","status":"publish","type":"page","link":"https:\/\/www.ifs.cat\/es\/tratamientos\/fecundacion-in-vitro\/","title":{"rendered":"Fecundaci\u00f3n in vitro"},"content":{"rendered":"\t\t<div data-elementor-type=\"wp-page\" data-elementor-id=\"1123\" class=\"elementor elementor-1123 elementor-640\" data-elementor-settings=\"[]\">\n\t\t\t\t\t\t\t<div class=\"elementor-section-wrap\">\n\t\t\t\t\t\t\t<section class=\"elementor-section elementor-top-section elementor-element elementor-element-160a229 elementor-section-boxed elementor-section-height-default elementor-section-height-default parallax_section_no qode_elementor_container_no\" data-id=\"160a229\" data-element_type=\"section\" data-settings=\"{&quot;background_background&quot;:&quot;classic&quot;}\">\n\t\t\t\t\t\t<div class=\"elementor-container elementor-column-gap-default\">\n\t\t\t\t\t<div class=\"elementor-column elementor-col-100 elementor-top-column elementor-element elementor-element-c72cfd4\" data-id=\"c72cfd4\" data-element_type=\"column\">\n\t\t\t<div class=\"elementor-widget-wrap elementor-element-populated\">\n\t\t\t\t\t\t\t\t<div class=\"elementor-element elementor-element-0b23cdb elementor-position-left elementor-vertical-align-middle xs-no-image elementor-widget elementor-widget-image-box\" data-id=\"0b23cdb\" data-element_type=\"widget\" data-widget_type=\"image-box.default\">\n\t\t\t\t<div class=\"elementor-widget-container\">\n\t\t\t<style>\/*! elementor - v3.5.3 - 28-12-2021 *\/\n.elementor-widget-image-box .elementor-image-box-content{width:100%}@media (min-width:768px){.elementor-widget-image-box.elementor-position-left .elementor-image-box-wrapper,.elementor-widget-image-box.elementor-position-right .elementor-image-box-wrapper{display:-webkit-box;display:-ms-flexbox;display:flex}.elementor-widget-image-box.elementor-position-right .elementor-image-box-wrapper{text-align:right;-webkit-box-orient:horizontal;-webkit-box-direction:reverse;-ms-flex-direction:row-reverse;flex-direction:row-reverse}.elementor-widget-image-box.elementor-position-left .elementor-image-box-wrapper{text-align:left;-webkit-box-orient:horizontal;-webkit-box-direction:normal;-ms-flex-direction:row;flex-direction:row}.elementor-widget-image-box.elementor-position-top .elementor-image-box-img{margin:auto}.elementor-widget-image-box.elementor-vertical-align-top .elementor-image-box-wrapper{-webkit-box-align:start;-ms-flex-align:start;align-items:flex-start}.elementor-widget-image-box.elementor-vertical-align-middle .elementor-image-box-wrapper{-webkit-box-align:center;-ms-flex-align:center;align-items:center}.elementor-widget-image-box.elementor-vertical-align-bottom .elementor-image-box-wrapper{-webkit-box-align:end;-ms-flex-align:end;align-items:flex-end}}@media (max-width:767px){.elementor-widget-image-box .elementor-image-box-img{margin-left:auto!important;margin-right:auto!important;margin-bottom:15px}}.elementor-widget-image-box .elementor-image-box-img{display:inline-block}.elementor-widget-image-box .elementor-image-box-title a{color:inherit}.elementor-widget-image-box .elementor-image-box-wrapper{text-align:center}.elementor-widget-image-box .elementor-image-box-description{margin:0}<\/style><div class=\"elementor-image-box-wrapper\"><figure class=\"elementor-image-box-img\"><img width=\"64\" height=\"64\" src=\"https:\/\/www.ifs.cat\/wp-content\/uploads\/2021\/12\/interna_blanco.png\" class=\"attachment-full size-full\" alt=\"\" loading=\"lazy\" \/><\/figure><div class=\"elementor-image-box-content\"><h1 class=\"elementor-image-box-title\">Fecundaci\u00f3n in vitro<\/h1><\/div><\/div>\t\t<\/div>\n\t\t\t\t<\/div>\n\t\t\t\t\t<\/div>\n\t\t<\/div>\n\t\t\t\t\t\t\t<\/div>\n\t\t<\/section>\n\t\t\t\t<section class=\"elementor-section elementor-top-section elementor-element elementor-element-854505c elementor-section-boxed elementor-section-height-default elementor-section-height-default parallax_section_no qode_elementor_container_no\" data-id=\"854505c\" data-element_type=\"section\">\n\t\t\t\t\t\t<div class=\"elementor-container elementor-column-gap-default\">\n\t\t\t\t\t<div class=\"elementor-column elementor-col-66 elementor-top-column elementor-element elementor-element-5620a47\" data-id=\"5620a47\" data-element_type=\"column\">\n\t\t\t<div class=\"elementor-widget-wrap elementor-element-populated\">\n\t\t\t\t\t\t\t\t<section class=\"elementor-section elementor-inner-section elementor-element elementor-element-ea8f305 elementor-section-boxed elementor-section-height-default elementor-section-height-default parallax_section_no qode_elementor_container_no\" data-id=\"ea8f305\" data-element_type=\"section\">\n\t\t\t\t\t\t<div class=\"elementor-container elementor-column-gap-default\">\n\t\t\t\t\t<div class=\"elementor-column elementor-col-100 elementor-inner-column elementor-element elementor-element-1aaa5e1 animated-fast elementor-invisible\" data-id=\"1aaa5e1\" data-element_type=\"column\" data-settings=\"{&quot;animation&quot;:&quot;fadeIn&quot;}\">\n\t\t\t<div class=\"elementor-widget-wrap elementor-element-populated\">\n\t\t\t\t\t\t\t\t<div class=\"elementor-element elementor-element-a2ecf7d elementor-widget elementor-widget-heading\" data-id=\"a2ecf7d\" data-element_type=\"widget\" data-widget_type=\"heading.default\">\n\t\t\t\t<div class=\"elementor-widget-container\">\n\t\t\t<style>\/*! elementor - v3.5.3 - 28-12-2021 *\/\n.elementor-heading-title{padding:0;margin:0;line-height:1}.elementor-widget-heading .elementor-heading-title[class*=elementor-size-]>a{color:inherit;font-size:inherit;line-height:inherit}.elementor-widget-heading .elementor-heading-title.elementor-size-small{font-size:15px}.elementor-widget-heading .elementor-heading-title.elementor-size-medium{font-size:19px}.elementor-widget-heading .elementor-heading-title.elementor-size-large{font-size:29px}.elementor-widget-heading .elementor-heading-title.elementor-size-xl{font-size:39px}.elementor-widget-heading .elementor-heading-title.elementor-size-xxl{font-size:59px}<\/style><h2 class=\"elementor-heading-title elementor-size-default\">\u00bfEn que consiste?<\/h2>\t\t<\/div>\n\t\t\t\t<\/div>\n\t\t\t\t<div class=\"elementor-element elementor-element-6130407 elementor-widget elementor-widget-text-editor\" data-id=\"6130407\" data-element_type=\"widget\" data-widget_type=\"text-editor.default\">\n\t\t\t\t<div class=\"elementor-widget-container\">\n\t\t\t<style>\/*! elementor - v3.5.3 - 28-12-2021 *\/\n.elementor-widget-text-editor.elementor-drop-cap-view-stacked .elementor-drop-cap{background-color:#818a91;color:#fff}.elementor-widget-text-editor.elementor-drop-cap-view-framed .elementor-drop-cap{color:#818a91;border:3px solid;background-color:transparent}.elementor-widget-text-editor:not(.elementor-drop-cap-view-default) .elementor-drop-cap{margin-top:8px}.elementor-widget-text-editor:not(.elementor-drop-cap-view-default) .elementor-drop-cap-letter{width:1em;height:1em}.elementor-widget-text-editor .elementor-drop-cap{float:left;text-align:center;line-height:1;font-size:50px}.elementor-widget-text-editor .elementor-drop-cap-letter{display:inline-block}<\/style>\t\t\t\t<p>La\u00a0<strong>Fecundaci\u00f3n In vitro (FIV)<\/strong>\u00a0es el tratamiento que nos permite obtener \u00f3vulos y espermatozoos, y fecundarlos en el laboratorio. Este proceso consta de 6 fases:<\/p>\n\t\t\t\t\t\t<\/div>\n\t\t\t\t<\/div>\n\t\t\t\t<div class=\"elementor-element elementor-element-24ffe95 elementor-widget elementor-widget-text-editor\" data-id=\"24ffe95\" data-element_type=\"widget\" data-widget_type=\"text-editor.default\">\n\t\t\t\t<div class=\"elementor-widget-container\">\n\t\t\t\t\t\t\t<ol>\n<li><strong>Fase de estimulaci\u00f3n<\/strong><\/li>\n<\/ol>\n\t\t\t\t\t\t<\/div>\n\t\t\t\t<\/div>\n\t\t\t\t<div class=\"elementor-element elementor-element-e28ef72 elementor-widget elementor-widget-text-editor\" data-id=\"e28ef72\" data-element_type=\"widget\" data-widget_type=\"text-editor.default\">\n\t\t\t\t<div class=\"elementor-widget-container\">\n\t\t\t\t\t\t\t<p>En esta etapa se pretende estimular los ovarios porque aumente el n\u00famero de fol\u00edculos y obtener el m\u00e1ximo de oocitos en condiciones \u00f3ptimas. Hay un control del proceso mediante ecograf\u00edas y anal\u00edticas hormonales. Esta fase puede durar entre 12 y 15 d\u00edas.<\/p>\n\t\t\t\t\t\t<\/div>\n\t\t\t\t<\/div>\n\t\t\t\t<div class=\"elementor-element elementor-element-d485595 elementor-widget elementor-widget-text-editor\" data-id=\"d485595\" data-element_type=\"widget\" data-widget_type=\"text-editor.default\">\n\t\t\t\t<div class=\"elementor-widget-container\">\n\t\t\t\t\t\t\t<p><strong>2. Punci\u00f3n folicular<\/strong><\/p>\n\t\t\t\t\t\t<\/div>\n\t\t\t\t<\/div>\n\t\t\t\t<div class=\"elementor-element elementor-element-7b8e5ca elementor-widget elementor-widget-text-editor\" data-id=\"7b8e5ca\" data-element_type=\"widget\" data-widget_type=\"text-editor.default\">\n\t\t\t\t<div class=\"elementor-widget-container\">\n\t\t\t\t\t\t\t<p>Consiste al aspirar el liquido folicular por despu\u00e9s en el laboratorio extraer los oocitos. Se realiza bajo sedaci\u00f3n en un quir\u00f3fano y dura aproximadamente entre 15 y 20 minutos.<\/p>\n\t\t\t\t\t\t<\/div>\n\t\t\t\t<\/div>\n\t\t\t\t<div class=\"elementor-element elementor-element-e859d42 elementor-widget elementor-widget-text-editor\" data-id=\"e859d42\" data-element_type=\"widget\" data-widget_type=\"text-editor.default\">\n\t\t\t\t<div class=\"elementor-widget-container\">\n\t\t\t\t\t\t\t<p><strong>3. Fecundaci\u00f3n<\/strong><\/p>\n\t\t\t\t\t\t<\/div>\n\t\t\t\t<\/div>\n\t\t\t\t<div class=\"elementor-element elementor-element-1f62a1a elementor-widget elementor-widget-text-editor\" data-id=\"1f62a1a\" data-element_type=\"widget\" data-widget_type=\"text-editor.default\">\n\t\t\t\t<div class=\"elementor-widget-container\">\n\t\t\t\t\t\t\t<p>El mismo d\u00eda que se realiza la punci\u00f3n, la pareja masculina de la paciente tiene que obtener la muestra de semen que utilizaremos para fecundar. Esta fecundaci\u00f3n se puede hacer de manera convencional (sin jefe otra manipulaci\u00f3n que poniendo en contacto los \u00f3vulos y los espermatozoos) o bien hacer un ICSI (introduciendo directamente un solo espermatozoide dentro del \u00f3vulo).<\/p>\n\t\t\t\t\t\t<\/div>\n\t\t\t\t<\/div>\n\t\t\t\t<div class=\"elementor-element elementor-element-6c7a005 elementor-widget elementor-widget-text-editor\" data-id=\"6c7a005\" data-element_type=\"widget\" data-widget_type=\"text-editor.default\">\n\t\t\t\t<div class=\"elementor-widget-container\">\n\t\t\t\t\t\t\t<p><strong>4. Fase de cultivo<\/strong><\/p>\n\t\t\t\t\t\t<\/div>\n\t\t\t\t<\/div>\n\t\t\t\t<div class=\"elementor-element elementor-element-2113fbe elementor-widget elementor-widget-text-editor\" data-id=\"2113fbe\" data-element_type=\"widget\" data-widget_type=\"text-editor.default\">\n\t\t\t\t<div class=\"elementor-widget-container\">\n\t\t\t\t\t\t\t<p>Una vez se han fecundado correctamente los \u00f3vulos, se hace un seguimiento de los embriones obtenidos valorando su desarrollo.<\/p>\n\t\t\t\t\t\t<\/div>\n\t\t\t\t<\/div>\n\t\t\t\t<div class=\"elementor-element elementor-element-77147de elementor-widget elementor-widget-text-editor\" data-id=\"77147de\" data-element_type=\"widget\" data-widget_type=\"text-editor.default\">\n\t\t\t\t<div class=\"elementor-widget-container\">\n\t\t\t\t\t\t\t<p><strong>5. Transferencia embrionaria\u00a0<\/strong><\/p>\n\t\t\t\t\t\t<\/div>\n\t\t\t\t<\/div>\n\t\t\t\t<div class=\"elementor-element elementor-element-4eb80c3 elementor-widget elementor-widget-text-editor\" data-id=\"4eb80c3\" data-element_type=\"widget\" data-widget_type=\"text-editor.default\">\n\t\t\t\t<div class=\"elementor-widget-container\">\n\t\t\t\t\t\t\t<p>Esta etapa consiste al transferir dentro del \u00fatero de la paciente lo o los embriones. Se un proceso indoloro, se realiza al mismo quir\u00f3fano sin anestesia y acostumbra a durar entre 10 y 15 minutos.<\/p>\n\t\t\t\t\t\t<\/div>\n\t\t\t\t<\/div>\n\t\t\t\t<div class=\"elementor-element elementor-element-2435fa1 elementor-widget elementor-widget-text-editor\" data-id=\"2435fa1\" data-element_type=\"widget\" data-widget_type=\"text-editor.default\">\n\t\t\t\t<div class=\"elementor-widget-container\">\n\t\t\t\t\t\t\t<p><strong>6. Vitrificaci\u00f3n<\/strong><\/p>\n\t\t\t\t\t\t<\/div>\n\t\t\t\t<\/div>\n\t\t\t\t<div class=\"elementor-element elementor-element-c4062e0 elementor-widget elementor-widget-text-editor\" data-id=\"c4062e0\" data-element_type=\"widget\" data-widget_type=\"text-editor.default\">\n\t\t\t\t<div class=\"elementor-widget-container\">\n\t\t\t\t\t\t\t<p>En caso de que despu\u00e9s de la transferencia tengamos embriones de buena calidad se proceder\u00e1 a su vitrificaci\u00f3n para poder ser utilizados en un ciclo posterior si fuera necesario. La ventaja de usar estos embriones se que la paciente no tiene que volver a pasar por las fases de estimulaci\u00f3n y punci\u00f3n.<\/p>\n\t\t\t\t\t\t<\/div>\n\t\t\t\t<\/div>\n\t\t\t\t<div class=\"elementor-element elementor-element-2d46079 elementor-widget elementor-widget-qi_addons_for_elementor_separator\" data-id=\"2d46079\" data-element_type=\"widget\" data-widget_type=\"qi_addons_for_elementor_separator.default\">\n\t\t\t\t<div class=\"elementor-widget-container\">\n\t\t\t<div class=\"qodef-shortcode qodef-m icono_separador qodef-qi-separator qodef-qi-clear qodef-separator--with-icon qodef-position--center\">\n\t<div class=\"qodef-m-line\">\n\t\t<div class=\"qodef-m-inner-line\"><\/div>\n\t\t\t<span class=\"qodef-m-separator-icon\">\n\t\t<i aria-hidden=\"true\" class=\"fas fa-stethoscope\"><\/i>\t<\/span>\n\t\t\t<div class=\"qodef-m-inner-line\"><\/div>\n\t<\/div>\n<\/div>\n\t\t<\/div>\n\t\t\t\t<\/div>\n\t\t\t\t<div class=\"elementor-element elementor-element-438ebb0 elementor-widget elementor-widget-heading\" data-id=\"438ebb0\" data-element_type=\"widget\" data-widget_type=\"heading.default\">\n\t\t\t\t<div class=\"elementor-widget-container\">\n\t\t\t<h2 class=\"elementor-heading-title elementor-size-default\">En qu\u00e9 casos est\u00e1 indicada?<\/h2>\t\t<\/div>\n\t\t\t\t<\/div>\n\t\t\t\t<div class=\"elementor-element elementor-element-b148e27 elementor-widget elementor-widget-text-editor\" data-id=\"b148e27\" data-element_type=\"widget\" data-widget_type=\"text-editor.default\">\n\t\t\t\t<div class=\"elementor-widget-container\">\n\t\t\t\t\t\t\t<ul>\n<li>Ausencia u obstrucci\u00f3n de las trompas de Falopio.<\/li>\n<li>Semen con alteraciones en el n\u00famero, la forma y \/ o la movilidad de los espermatozoos.<\/li>\n<li>Endometriosis.<\/li>\n<li>Alteraciones de la ovulaci\u00f3n.<\/li>\n<li>Edad avanzada.<\/li>\n<li>Error de t\u00e9cnicas anteriores para el tratamiento de la esterilidad, por ejemplos IAC falladas.<\/li>\n<\/ul>\n\t\t\t\t\t\t<\/div>\n\t\t\t\t<\/div>\n\t\t\t\t<div class=\"elementor-element elementor-element-26110a5 elementor-widget elementor-widget-qi_addons_for_elementor_separator\" data-id=\"26110a5\" data-element_type=\"widget\" data-widget_type=\"qi_addons_for_elementor_separator.default\">\n\t\t\t\t<div class=\"elementor-widget-container\">\n\t\t\t<div class=\"qodef-shortcode qodef-m icono_separador qodef-qi-separator qodef-qi-clear qodef-separator--with-icon qodef-position--center\">\n\t<div class=\"qodef-m-line\">\n\t\t<div class=\"qodef-m-inner-line\"><\/div>\n\t\t\t<span class=\"qodef-m-separator-icon\">\n\t\t<i aria-hidden=\"true\" class=\"fas fa-stethoscope\"><\/i>\t<\/span>\n\t\t\t<div class=\"qodef-m-inner-line\"><\/div>\n\t<\/div>\n<\/div>\n\t\t<\/div>\n\t\t\t\t<\/div>\n\t\t\t\t<div class=\"elementor-element elementor-element-9e1bd89 elementor-widget elementor-widget-heading\" data-id=\"9e1bd89\" data-element_type=\"widget\" data-widget_type=\"heading.default\">\n\t\t\t\t<div class=\"elementor-widget-container\">\n\t\t\t<h2 class=\"elementor-heading-title elementor-size-default\">FIV con semen de Donante:<\/h2>\t\t<\/div>\n\t\t\t\t<\/div>\n\t\t\t\t<div class=\"elementor-element elementor-element-7a67894 elementor-widget elementor-widget-text-editor\" data-id=\"7a67894\" data-element_type=\"widget\" data-widget_type=\"text-editor.default\">\n\t\t\t\t<div class=\"elementor-widget-container\">\n\t\t\t\t\t\t\t<ul>\n<li>Mujeres sin pareja masculina.<\/li>\n<li>Hombres con alguna anomal\u00eda gen\u00e9tica.<\/li>\n<li>Hombres sin espermatozoos o con su calidad muy comprometida.<\/li>\n<\/ul>\n\t\t\t\t\t\t<\/div>\n\t\t\t\t<\/div>\n\t\t\t\t\t<\/div>\n\t\t<\/div>\n\t\t\t\t\t\t\t<\/div>\n\t\t<\/section>\n\t\t\t\t\t<\/div>\n\t\t<\/div>\n\t\t\t\t<div class=\"elementor-column elementor-col-33 elementor-top-column elementor-element elementor-element-f9706d2\" data-id=\"f9706d2\" data-element_type=\"column\">\n\t\t\t<div class=\"elementor-widget-wrap elementor-element-populated\">\n\t\t\t\t\t\t\t\t<div class=\"elementor-element elementor-element-e782779 animated-fast elementor-invisible elementor-widget elementor-widget-image\" data-id=\"e782779\" data-element_type=\"widget\" data-settings=\"{&quot;_animation&quot;:&quot;fadeInRight&quot;,&quot;_animation_delay&quot;:500}\" data-widget_type=\"image.default\">\n\t\t\t\t<div class=\"elementor-widget-container\">\n\t\t\t<style>\/*! elementor - v3.5.3 - 28-12-2021 *\/\n.elementor-widget-image{text-align:center}.elementor-widget-image a{display:inline-block}.elementor-widget-image a img[src$=\".svg\"]{width:48px}.elementor-widget-image img{vertical-align:middle;display:inline-block}<\/style>\t\t\t\t\t\t\t\t\t\t\t\t<img width=\"630\" height=\"330\" src=\"https:\/\/www.ifs.cat\/wp-content\/uploads\/2021\/12\/imara_diagnostic.jpg\" class=\"attachment-full size-full\" alt=\"\" loading=\"lazy\" srcset=\"https:\/\/www.ifs.cat\/wp-content\/uploads\/2021\/12\/imara_diagnostic.jpg 630w, https:\/\/www.ifs.cat\/wp-content\/uploads\/2021\/12\/imara_diagnostic-300x157.jpg 300w\" sizes=\"(max-width: 630px) 100vw, 630px\" \/>\t\t\t\t\t\t\t\t\t\t\t\t\t\t\t<\/div>\n\t\t\t\t<\/div>\n\t\t\t\t<div class=\"elementor-element elementor-element-a7ef474 elementor-widget elementor-widget-spacer\" data-id=\"a7ef474\" data-element_type=\"widget\" data-widget_type=\"spacer.default\">\n\t\t\t\t<div class=\"elementor-widget-container\">\n\t\t\t\t\t<div class=\"elementor-spacer\">\n\t\t\t<div class=\"elementor-spacer-inner\"><\/div>\n\t\t<\/div>\n\t\t\t\t<\/div>\n\t\t\t\t<\/div>\n\t\t\t\t<div class=\"elementor-element elementor-element-31a0ebb animated-fast elementor-invisible elementor-widget elementor-widget-heading\" data-id=\"31a0ebb\" data-element_type=\"widget\" data-settings=\"{&quot;_animation&quot;:&quot;fadeInRight&quot;}\" data-widget_type=\"heading.default\">\n\t\t\t\t<div class=\"elementor-widget-container\">\n\t\t\t<h3 class=\"elementor-heading-title elementor-size-default\">Nuestros tratamientos <\/h3>\t\t<\/div>\n\t\t\t\t<\/div>\n\t\t\t\t<div class=\"elementor-element elementor-element-c6afe29 menu-serveis animated-fast elementor-invisible elementor-widget elementor-widget-wp-widget-nav_menu\" data-id=\"c6afe29\" data-element_type=\"widget\" data-settings=\"{&quot;_animation&quot;:&quot;fadeInRight&quot;}\" data-widget_type=\"wp-widget-nav_menu.default\">\n\t\t\t\t<div class=\"elementor-widget-container\">\n\t\t\t<div class=\"menu-tractaments-spanish-container\"><ul id=\"menu-tractaments-spanish\" class=\"menu\"><li id=\"menu-item-1467\" class=\"menu-item menu-item-type-post_type menu-item-object-page menu-item-1467\"><a href=\"https:\/\/www.ifs.cat\/es\/tratamientos\/donacion-de-oocitos\/\">Donaci\u00f3n de oocitos<\/a><\/li>\n<li id=\"menu-item-1468\" class=\"menu-item menu-item-type-post_type menu-item-object-page menu-item-1468\"><a href=\"https:\/\/www.ifs.cat\/es\/tratamientos\/fecundacion-in-vitro\/\">Fecundaci\u00f3n in vitro<\/a><\/li>\n<li id=\"menu-item-1469\" class=\"menu-item menu-item-type-post_type menu-item-object-page menu-item-1469\"><a href=\"https:\/\/www.ifs.cat\/es\/tratamientos\/inseminacion-artificial\/\">Inseminaci\u00f3n artificial<\/a><\/li>\n<li id=\"menu-item-1470\" class=\"menu-item menu-item-type-post_type menu-item-object-page menu-item-1470\"><a href=\"https:\/\/www.ifs.cat\/es\/tratamientos\/recepcion-de-ovulos\/\">Recepci\u00f3n de \u00f3vulos<\/a><\/li>\n<li id=\"menu-item-1471\" class=\"menu-item menu-item-type-post_type menu-item-object-page menu-item-has-children menu-item-1471\"><a href=\"https:\/\/www.ifs.cat\/es\/tratamientos\/tecnicas-complementarias\/\">T\u00e9cnicas complementarias<\/a>\n<ul class=\"sub-menu\">\n\t<li id=\"menu-item-1472\" class=\"menu-item menu-item-type-post_type menu-item-object-page menu-item-1472\"><a href=\"https:\/\/www.ifs.cat\/es\/tratamientos\/tecnicas-complementarias\/icsi\/\">ICSI<\/a><\/li>\n\t<li id=\"menu-item-1473\" class=\"menu-item menu-item-type-post_type menu-item-object-page menu-item-1473\"><a href=\"https:\/\/www.ifs.cat\/es\/tratamientos\/tecnicas-complementarias\/sistema-time-lapse\/\">Sistema Time Lapse<\/a><\/li>\n\t<li id=\"menu-item-1474\" class=\"menu-item menu-item-type-post_type menu-item-object-page menu-item-1474\"><a href=\"https:\/\/www.ifs.cat\/es\/tratamientos\/tecnicas-complementarias\/vetrificacion\/\">Vetrificaci\u00f3n<\/a><\/li>\n\t<li id=\"menu-item-1475\" class=\"menu-item menu-item-type-post_type menu-item-object-page menu-item-1475\"><a href=\"https:\/\/www.ifs.cat\/es\/tratamientos\/tecnicas-complementarias\/diagnostico-generico-preimplantacional\/\">Diagn\u00f3stico gen\u00e9rico preimplantacional<\/a><\/li>\n\t<li id=\"menu-item-1476\" class=\"menu-item menu-item-type-post_type menu-item-object-page menu-item-1476\"><a href=\"https:\/\/www.ifs.cat\/es\/tratamientos\/tecnicas-complementarias\/columnas-de-anexina-macs\/\">Columnas de anexina (MACS)<\/a><\/li>\n<\/ul>\n<\/li>\n<\/ul><\/div>\t\t<\/div>\n\t\t\t\t<\/div>\n\t\t\t\t<div class=\"elementor-element elementor-element-175ce38 elementor-widget elementor-widget-spacer\" data-id=\"175ce38\" data-element_type=\"widget\" data-widget_type=\"spacer.default\">\n\t\t\t\t<div class=\"elementor-widget-container\">\n\t\t\t\t\t<div class=\"elementor-spacer\">\n\t\t\t<div class=\"elementor-spacer-inner\"><\/div>\n\t\t<\/div>\n\t\t\t\t<\/div>\n\t\t\t\t<\/div>\n\t\t\t\t<div class=\"elementor-element elementor-element-601e936 custom elementor-widget elementor-widget-qi_addons_for_elementor_call_to_action\" data-id=\"601e936\" data-element_type=\"widget\" data-widget_type=\"qi_addons_for_elementor_call_to_action.default\">\n\t\t\t\t<div class=\"elementor-widget-container\">\n\t\t\t<div class=\"qodef-shortcode qodef-m  qodef-qi-call-to-action qodef-layout--standard qodef-button-below--1024 \">\n\t<div class=\"qodef-m-inner\">\n\t\t<div class=\"qodef-m-content\">\n\t\t\t<h5 class=\"qodef-m-title\">\n\t\t\t\u00bfQuieres contactar con nosotros?\t\t<\/h5>\n\t\t\t\t<div class=\"qodef-m-text\">\n\t\t\tSi quieres recibir m\u00e1s informaci\u00f3n sobre nuestros servicios o prefieres concertar una cita, ponte en contacto con nosotros.\t\t<\/div>\n\t<\/div>\n\t\t\t<div class=\"qodef-m-button\">\n\t\t<a class=\"qodef-shortcode qodef-m  qodef-qi-button qodef-html--link qodef-layout--filled qodef-type--standard   qodef-icon--right qodef-hover--icon-move-horizontal-short     \" href=\"https:\/\/www.ifs.cat\/es\/contacto\/\" target=\"_self\">\t<span class=\"qodef-m-text\">Contactar<\/span>\t<\/a>\t<\/div>\n\t\t\t<\/div>\n<\/div>\n\t\t<\/div>\n\t\t\t\t<\/div>\n\t\t\t\t\t<\/div>\n\t\t<\/div>\n\t\t\t\t\t\t\t<\/div>\n\t\t<\/section>\n\t\t\t\t\t\t<\/div>\n\t\t\t\t\t<\/div>\n\t\t","protected":false},"excerpt":{"rendered":"<p>Fecundaci\u00f3n in vitro \u00bfEn que consiste? La\u00a0Fecundaci\u00f3n In vitro (FIV)\u00a0es el tratamiento que nos permite obtener \u00f3vulos y espermatozoos, y fecundarlos en el laboratorio. Este proceso consta de 6 fases: Fase de estimulaci\u00f3n En esta etapa se pretende estimular los ovarios porque aumente el n\u00famero&#8230;<\/p>\n","protected":false},"author":2,"featured_media":0,"parent":1117,"menu_order":0,"comment_status":"closed","ping_status":"closed","template":"elementor_header_footer","meta":[],"_links":{"self":[{"href":"https:\/\/www.ifs.cat\/es\/wp-json\/wp\/v2\/pages\/1123"}],"collection":[{"href":"https:\/\/www.ifs.cat\/es\/wp-json\/wp\/v2\/pages"}],"about":[{"href":"https:\/\/www.ifs.cat\/es\/wp-json\/wp\/v2\/types\/page"}],"author":[{"embeddable":true,"href":"https:\/\/www.ifs.cat\/es\/wp-json\/wp\/v2\/users\/2"}],"replies":[{"embeddable":true,"href":"https:\/\/www.ifs.cat\/es\/wp-json\/wp\/v2\/comments?post=1123"}],"version-history":[{"count":5,"href":"https:\/\/www.ifs.cat\/es\/wp-json\/wp\/v2\/pages\/1123\/revisions"}],"predecessor-version":[{"id":1309,"href":"https:\/\/www.ifs.cat\/es\/wp-json\/wp\/v2\/pages\/1123\/revisions\/1309"}],"up":[{"embeddable":true,"href":"https:\/\/www.ifs.cat\/es\/wp-json\/wp\/v2\/pages\/1117"}],"wp:attachment":[{"href":"https:\/\/www.ifs.cat\/es\/wp-json\/wp\/v2\/media?parent=1123"}],"curies":[{"name":"wp","href":"https:\/\/api.w.org\/{rel}","templated":true}]}}